{"id":128,"date":"2025-06-05T13:18:40","date_gmt":"2025-06-05T11:18:40","guid":{"rendered":"https:\/\/www.acar.projetsmmichamps.fr\/SiteOnePage\/?page_id=128"},"modified":"2025-06-05T15:51:25","modified_gmt":"2025-06-05T13:51:25","slug":"a-propos","status":"publish","type":"page","link":"https:\/\/www.acar.projetsmmichamps.fr\/SiteOnePage\/a-propos\/","title":{"rendered":"\u00c0 propos"},"content":{"rendered":"\n<p>Dans le cadre d&rsquo;un cours de gestion de contenu, j\u2019ai r\u00e9alis\u00e9 un site One Page enti\u00e8rement d\u00e9di\u00e9 \u00e0 un artiste que j\u2019appr\u00e9cie particuli\u00e8rement : Gims. L\u2019objectif \u00e9tait de concevoir une page fluide pour pr\u00e9senter un chanteur ou un groupe de musique.<\/p>\n\n\n\n<div style=\"height:40px\" aria-hidden=\"true\" class=\"wp-block-spacer\"><\/div>\n\n\n\n<h3 class=\"wp-block-heading\">Pourquoi Gims ?<\/h3>\n\n\n\n<p>J\u2019ai choisi Gims parce que je suis fan de son univers musical, de son style et de sa capacit\u00e9 \u00e0 m\u00e9langer les genres. C\u2019\u00e9tait aussi l\u2019occasion de cr\u00e9er un site qui me parle vraiment, tout en respectant les contraintes techniques de l\u2019exercice.<\/p>\n\n\n\n<div style=\"height:40px\" aria-hidden=\"true\" class=\"wp-block-spacer\"><\/div>\n\n\n\n<h3 class=\"wp-block-heading\">Outils utilis\u00e9s<\/h3>\n\n\n\n<p>J&rsquo;ai r\u00e9alis\u00e9 ce site avec WordPress, en utilisant le constructeur de pages Elementor qui est tr\u00e8s pratique gr\u00e2ce \u00e0 son syst\u00e8me de drag and drop (glisser-d\u00e9poser). <br>Pour le th\u00e8me, j\u2019ai choisi Hello Elementor.<\/p>\n\n\n\n<div style=\"height:40px\" aria-hidden=\"true\" class=\"wp-block-spacer\"><\/div>\n\n\n\n<h3 class=\"wp-block-heading\">Contenu et mise en page<\/h3>\n\n\n\n<p>J\u2019ai construit la page avec les widgets disponibles dans la version gratuite d\u2019Elementor. J\u2019ai ainsi pu int\u00e9grer diff\u00e9rents contenus :<\/p>\n\n\n\n<ul class=\"wp-block-list\">\n<li>Du texte et des images pour pr\u00e9senter Gims et sa carri\u00e8re<\/li>\n\n\n\n<li>Des vid\u00e9os YouTube de ses clips et lives<\/li>\n\n\n\n<li>Une petite FAQ qui reprend les prochains concerts<\/li>\n\n\n\n<li>Un lecteur SoundCloud pour proposer un morceau<\/li>\n\n\n\n<li>Un formulaire de contact, cr\u00e9\u00e9 avec l\u2019extension WPForms, simple \u00e0 configurer et fonctionnel<\/li>\n<\/ul>\n","protected":false},"excerpt":{"rendered":"<p>Dans le cadre d&rsquo;un cours de gestion de contenu, j\u2019ai r\u00e9alis\u00e9 un site One Page enti\u00e8rement d\u00e9di\u00e9 \u00e0 un artiste que j\u2019appr\u00e9cie particuli\u00e8rement : Gims. L\u2019objectif \u00e9tait de concevoir une page fluide pour pr\u00e9senter un chanteur ou un groupe de musique. Pourquoi Gims ? J\u2019ai choisi Gims parce que je suis fan de son univers [&hellip;]<\/p>\n","protected":false},"author":1,"featured_media":0,"parent":0,"menu_order":0,"comment_status":"closed","ping_status":"closed","template":"","meta":{"footnotes":""},"class_list":["post-128","page","type-page","status-publish","hentry"],"_links":{"self":[{"href":"https:\/\/www.acar.projetsmmichamps.fr\/SiteOnePage\/wp-json\/wp\/v2\/pages\/128","targetHints":{"allow":["GET"]}}],"collection":[{"href":"https:\/\/www.acar.projetsmmichamps.fr\/SiteOnePage\/wp-json\/wp\/v2\/pages"}],"about":[{"href":"https:\/\/www.acar.projetsmmichamps.fr\/SiteOnePage\/wp-json\/wp\/v2\/types\/page"}],"author":[{"embeddable":true,"href":"https:\/\/www.acar.projetsmmichamps.fr\/SiteOnePage\/wp-json\/wp\/v2\/users\/1"}],"replies":[{"embeddable":true,"href":"https:\/\/www.acar.projetsmmichamps.fr\/SiteOnePage\/wp-json\/wp\/v2\/comments?post=128"}],"version-history":[{"count":5,"href":"https:\/\/www.acar.projetsmmichamps.fr\/SiteOnePage\/wp-json\/wp\/v2\/pages\/128\/revisions"}],"predecessor-version":[{"id":208,"href":"https:\/\/www.acar.projetsmmichamps.fr\/SiteOnePage\/wp-json\/wp\/v2\/pages\/128\/revisions\/208"}],"wp:attachment":[{"href":"https:\/\/www.acar.projetsmmichamps.fr\/SiteOnePage\/wp-json\/wp\/v2\/media?parent=128"}],"curies":[{"name":"wp","href":"https:\/\/api.w.org\/{rel}","templated":true}]}}